{"id":1001,"date":"2025-08-06T09:16:46","date_gmt":"2025-08-06T07:16:46","guid":{"rendered":"https:\/\/dentiste-paris16-mirabeau.fr\/legal-notice\/"},"modified":"2025-10-15T23:12:43","modified_gmt":"2025-10-15T21:12:43","slug":"legal-notice","status":"publish","type":"page","link":"https:\/\/dentiste-paris16-mirabeau.fr\/en\/legal-notice\/","title":{"rendered":"Legal notice"},"content":{"rendered":"\n<p>The consultation of this website implies full and unconditional acceptance of the following terms.<\/p>\n\n\n\n<h2 class=\"wp-block-heading\">Ownership of the website<\/h2>\n\n\n\n<p>This website is the property of\u00a0<strong>Dr. Cyrine Khedhiri<\/strong>, dental surgeon, registered in the <em>Shared Directory of Healthcare Professionals (RPPS)<\/em> under number <strong>10101318516<\/strong>.<\/p>\n\n\n\n<h2 class=\"wp-block-heading\">Registered office<\/h2>\n\n\n\n<p><strong>Cabinet Dentaire Mirabeau Paris<\/strong><br>8 avenue Th\u00e9ophile Gautier<br>75016 Paris<br>T\u00e9l. : 01 40 60 08 08<\/p>\n\n\n\n<h2 class=\"wp-block-heading\">Website development<\/h2>\n\n\n\n<p>The website\u00a0<a href=\"https:\/\/dentiste-paris16-mirabeau.fr\/en\/\">https:\/\/dentiste-paris16-mirabeau.fr<\/a>\u00a0is developed and maintained by\u00a0<strong>Mediweb<\/strong>.\u00a0<\/p>\n\n\n\n<p><strong>Mediweb<\/strong><br>13, rue de Lattre de Tassigny<br>67300 Schiltigheim<\/p>\n\n\n\n<p><a href=\"https:\/\/mediweb.fr\/\" target=\"_blank\" rel=\"noreferrer noopener\">www.mediweb.fr<\/a><\/p>\n\n\n\n<h2 class=\"wp-block-heading\">Website hosting<\/h2>\n\n\n\n<p>The website\u00a0<a href=\"https:\/\/dentiste-paris16-mirabeau.fr\/en\/\">https:\/\/dentiste-paris16-mirabeau.fr<\/a>\u00a0is hosted by:<\/p>\n\n\n\n<p>Hetzner Online GmbH<br>Industriestr. 25<br>91710 Gunzenhausen<br>Allemagne<\/p>\n\n\n\n<h2 class=\"wp-block-heading\">Publisher<\/h2>\n\n\n\n<p>The content of\u00a0<a href=\"https:\/\/dentiste-paris16-mirabeau.fr\/en\/\">https:\/\/dentiste-paris16-mirabeau.fr<\/a>\u00a0is published by Dr. Cyrine Khedhiri, who also serves as the Publishing Director.<\/p>\n\n\n\n<h2 class=\"wp-block-heading\">Intellectual property<\/h2>\n\n\n\n<p>Dr. Cyrine Khedhiri is the owner of the structure and all content available on\u00a0<a href=\"https:\/\/dentiste-paris16-mirabeau.fr\/en\/\">https:\/\/dentiste-paris16-mirabeau.fr<\/a>,including texts, images, illustrations, logos, files, and databases. Any total or partial reproduction or distribution without prior written authorization is strictly prohibited.<\/p>\n\n\n\n<h2 class=\"wp-block-heading\">Links<\/h2>\n\n\n\n<p>Ordre National des Chirurgiens Dentistes (ONCD) :&nbsp;<a href=\"https:\/\/www.ordre-chirurgiens-dentistes.fr\/\" target=\"_blank\" rel=\"noreferrer noopener\">www.ordre-chirurgiens-dentistes.fr<\/a><\/p>\n","protected":false},"excerpt":{"rendered":"<p>The consultation of this website implies full and unconditional acceptance of the following terms. Ownership of the website This website is the property of\u00a0Dr. Cyrine Khedhiri, dental surgeon, registered in the Shared Directory of Healthcare Professionals (RPPS) under number 10101318516. Registered office Cabinet Dentaire Mirabeau Paris8 avenue Th\u00e9ophile Gautier75016 ParisT\u00e9l. : 01 40 60 08<\/p>\n","protected":false},"author":1,"featured_media":0,"parent":0,"menu_order":6,"comment_status":"closed","ping_status":"closed","template":"","meta":{"_acf_changed":false,"inline_featured_image":false,"footnotes":""},"class_list":["post-1001","page","type-page","status-publish","hentry"],"acf":[],"yoast_head":"<!-- This site is optimized with the Yoast SEO plugin v25.7 - https:\/\/yoast.com\/wordpress\/plugins\/seo\/ -->\n<title>Mentions l\u00e9gales | Cabinet dentaire Mirabeau | Paris<\/title>\n<meta name=\"description\" content=\"Mentions l\u00e9gales : informations sur l\u2019\u00e9diteur, l\u2019h\u00e9bergement, la propri\u00e9t\u00e9 intellectuelle, la responsabilit\u00e9 et la protection des donn\u00e9es.\" \/>\n<meta name=\"robots\" content=\"noindex, follow\" \/>\n<meta property=\"og:locale\" content=\"en_US\" \/>\n<meta property=\"og:type\" content=\"article\" \/>\n<meta property=\"og:title\" content=\"Mentions l\u00e9gales | Cabinet dentaire Mirabeau | Paris\" \/>\n<meta property=\"og:description\" content=\"Mentions l\u00e9gales : informations sur l\u2019\u00e9diteur, l\u2019h\u00e9bergement, la propri\u00e9t\u00e9 intellectuelle, la responsabilit\u00e9 et la protection des donn\u00e9es.\" \/>\n<meta property=\"og:url\" content=\"https:\/\/dentiste-paris16-mirabeau.fr\/en\/legal-notice\/\" \/>\n<meta property=\"og:site_name\" content=\"Cabinet dentaire Mirabeau Paris\" \/>\n<meta property=\"article:modified_time\" content=\"2025-10-15T21:12:43+00:00\" \/>\n<meta name=\"twitter:card\" content=\"summary_large_image\" \/>\n<meta name=\"twitter:label1\" content=\"Est. reading time\" \/>\n\t<meta name=\"twitter:data1\" content=\"1 minute\" \/>\n<script type=\"application\/ld+json\" class=\"yoast-schema-graph\">{\"@context\":\"https:\/\/schema.org\",\"@graph\":[{\"@type\":\"WebPage\",\"@id\":\"https:\/\/dentiste-paris16-mirabeau.fr\/en\/legal-notice\/\",\"url\":\"https:\/\/dentiste-paris16-mirabeau.fr\/en\/legal-notice\/\",\"name\":\"Mentions l\u00e9gales | Cabinet dentaire Mirabeau | Paris\",\"isPartOf\":{\"@id\":\"https:\/\/dentiste-paris16-mirabeau.fr\/#website\"},\"datePublished\":\"2025-08-06T07:16:46+00:00\",\"dateModified\":\"2025-10-15T21:12:43+00:00\",\"description\":\"Mentions l\u00e9gales : informations sur l\u2019\u00e9diteur, l\u2019h\u00e9bergement, la propri\u00e9t\u00e9 intellectuelle, la responsabilit\u00e9 et la protection des donn\u00e9es.\",\"breadcrumb\":{\"@id\":\"https:\/\/dentiste-paris16-mirabeau.fr\/en\/legal-notice\/#breadcrumb\"},\"inLanguage\":\"en-US\",\"potentialAction\":[{\"@type\":\"ReadAction\",\"target\":[\"https:\/\/dentiste-paris16-mirabeau.fr\/en\/legal-notice\/\"]}]},{\"@type\":\"BreadcrumbList\",\"@id\":\"https:\/\/dentiste-paris16-mirabeau.fr\/en\/legal-notice\/#breadcrumb\",\"itemListElement\":[{\"@type\":\"ListItem\",\"position\":1,\"name\":\"Home\",\"item\":\"https:\/\/dentiste-paris16-mirabeau.fr\/en\/\"},{\"@type\":\"ListItem\",\"position\":2,\"name\":\"Legal notice\"}]},{\"@type\":\"WebSite\",\"@id\":\"https:\/\/dentiste-paris16-mirabeau.fr\/#website\",\"url\":\"https:\/\/dentiste-paris16-mirabeau.fr\/\",\"name\":\"Cabinet dentaire Mirabeau\",\"description\":\"Cabinet dentaire Mirabeau Paris\",\"potentialAction\":[{\"@type\":\"SearchAction\",\"target\":{\"@type\":\"EntryPoint\",\"urlTemplate\":\"https:\/\/dentiste-paris16-mirabeau.fr\/?s={search_term_string}\"},\"query-input\":{\"@type\":\"PropertyValueSpecification\",\"valueRequired\":true,\"valueName\":\"search_term_string\"}}],\"inLanguage\":\"en-US\"}]}<\/script>\n<!-- \/ Yoast SEO plugin. -->","yoast_head_json":{"title":"Mentions l\u00e9gales | Cabinet dentaire Mirabeau | Paris","description":"Mentions l\u00e9gales : informations sur l\u2019\u00e9diteur, l\u2019h\u00e9bergement, la propri\u00e9t\u00e9 intellectuelle, la responsabilit\u00e9 et la protection des donn\u00e9es.","robots":{"index":"noindex","follow":"follow"},"og_locale":"en_US","og_type":"article","og_title":"Mentions l\u00e9gales | Cabinet dentaire Mirabeau | Paris","og_description":"Mentions l\u00e9gales : informations sur l\u2019\u00e9diteur, l\u2019h\u00e9bergement, la propri\u00e9t\u00e9 intellectuelle, la responsabilit\u00e9 et la protection des donn\u00e9es.","og_url":"https:\/\/dentiste-paris16-mirabeau.fr\/en\/legal-notice\/","og_site_name":"Cabinet dentaire Mirabeau Paris","article_modified_time":"2025-10-15T21:12:43+00:00","twitter_card":"summary_large_image","twitter_misc":{"Est. reading time":"1 minute"},"schema":{"@context":"https:\/\/schema.org","@graph":[{"@type":"WebPage","@id":"https:\/\/dentiste-paris16-mirabeau.fr\/en\/legal-notice\/","url":"https:\/\/dentiste-paris16-mirabeau.fr\/en\/legal-notice\/","name":"Mentions l\u00e9gales | Cabinet dentaire Mirabeau | Paris","isPartOf":{"@id":"https:\/\/dentiste-paris16-mirabeau.fr\/#website"},"datePublished":"2025-08-06T07:16:46+00:00","dateModified":"2025-10-15T21:12:43+00:00","description":"Mentions l\u00e9gales : informations sur l\u2019\u00e9diteur, l\u2019h\u00e9bergement, la propri\u00e9t\u00e9 intellectuelle, la responsabilit\u00e9 et la protection des donn\u00e9es.","breadcrumb":{"@id":"https:\/\/dentiste-paris16-mirabeau.fr\/en\/legal-notice\/#breadcrumb"},"inLanguage":"en-US","potentialAction":[{"@type":"ReadAction","target":["https:\/\/dentiste-paris16-mirabeau.fr\/en\/legal-notice\/"]}]},{"@type":"BreadcrumbList","@id":"https:\/\/dentiste-paris16-mirabeau.fr\/en\/legal-notice\/#breadcrumb","itemListElement":[{"@type":"ListItem","position":1,"name":"Home","item":"https:\/\/dentiste-paris16-mirabeau.fr\/en\/"},{"@type":"ListItem","position":2,"name":"Legal notice"}]},{"@type":"WebSite","@id":"https:\/\/dentiste-paris16-mirabeau.fr\/#website","url":"https:\/\/dentiste-paris16-mirabeau.fr\/","name":"Cabinet dentaire Mirabeau","description":"Cabinet dentaire Mirabeau Paris","potentialAction":[{"@type":"SearchAction","target":{"@type":"EntryPoint","urlTemplate":"https:\/\/dentiste-paris16-mirabeau.fr\/?s={search_term_string}"},"query-input":{"@type":"PropertyValueSpecification","valueRequired":true,"valueName":"search_term_string"}}],"inLanguage":"en-US"}]}},"_links":{"self":[{"href":"https:\/\/dentiste-paris16-mirabeau.fr\/en\/wp-json\/wp\/v2\/pages\/1001","targetHints":{"allow":["GET"]}}],"collection":[{"href":"https:\/\/dentiste-paris16-mirabeau.fr\/en\/wp-json\/wp\/v2\/pages"}],"about":[{"href":"https:\/\/dentiste-paris16-mirabeau.fr\/en\/wp-json\/wp\/v2\/types\/page"}],"author":[{"embeddable":true,"href":"https:\/\/dentiste-paris16-mirabeau.fr\/en\/wp-json\/wp\/v2\/users\/1"}],"replies":[{"embeddable":true,"href":"https:\/\/dentiste-paris16-mirabeau.fr\/en\/wp-json\/wp\/v2\/comments?post=1001"}],"version-history":[{"count":7,"href":"https:\/\/dentiste-paris16-mirabeau.fr\/en\/wp-json\/wp\/v2\/pages\/1001\/revisions"}],"predecessor-version":[{"id":1012,"href":"https:\/\/dentiste-paris16-mirabeau.fr\/en\/wp-json\/wp\/v2\/pages\/1001\/revisions\/1012"}],"wp:attachment":[{"href":"https:\/\/dentiste-paris16-mirabeau.fr\/en\/wp-json\/wp\/v2\/media?parent=1001"}],"curies":[{"name":"wp","href":"https:\/\/api.w.org\/{rel}","templated":true}]}}